{"id":904,"date":"2013-12-27T14:05:39","date_gmt":"2013-12-27T13:05:39","guid":{"rendered":"http:\/\/www.hs.cws-hof.de\/?page_id=904"},"modified":"2019-06-05T13:15:34","modified_gmt":"2019-06-05T11:15:34","slug":"foerderverein","status":"publish","type":"page","link":"https:\/\/ms.cws-hof.de\/?page_id=904","title":{"rendered":"F\u00f6rderverein"},"content":{"rendered":"<p>Liebe Eltern,<\/p>\n<p>heute m\u00f6chten wir uns gemeinsam an Sie wenden.<\/p>\n<p>Viele Veranstaltungen, Vortr\u00e4ge, Klassenfahrten, Anschaffungen, Projekte, usw.\u00a0werden erst durch die Unterst\u00fctzung des Elternbeirates und des F\u00f6rdervereins\u00a0m\u00f6glich.<\/p>\n<p>In den letzten Jahren setzten wir f\u00fcr folgende Projekte Gelder ein:<\/p>\n<ul>\n<li>Zusch\u00fcsse zu Klassenfahrten, Ausfl\u00fcgen, Projekten und Vortr\u00e4gen<\/li>\n<li>Ausstattung der Klassenzimmer mit Beamer<\/li>\n<li>Gutscheine f\u00fcr Ehrungen<\/li>\n<li>Weihnachtsbaum<\/li>\n<li>usw.<\/li>\n<\/ul>\n<p>F\u00fcr das kommende Schuljahr stehen weitere Herausforderungen und W\u00fcnsche an:<\/p>\n<ul>\n<li>B\u00e4nke im Pausenhof<\/li>\n<li>Mikrophone f\u00fcr die Musikanlage<\/li>\n<li>Vortr\u00e4ge<\/li>\n<li>usw.<\/li>\n<\/ul>\n<p>F\u00fcr die vielf\u00e4ltigen Aufgaben ben\u00f6tigt der F\u00f6rderverein Geld. Deshalb bitten wir Sie<\/p>\n<p style=\"text-align: center;\"><strong>Unterst\u00fctzen Sie den F\u00f6rderverein!<\/strong><\/p>\n<p>Werden Sie Mitglied oder spenden Sie einen einmaligen Betrag. Jeder Euro kommt\u00a0der Schule zugute.<\/p>\n<p style=\"text-align: center;\"><strong>Vielen Dank!<\/strong><\/p>\n<table style=\"height: 37px; width: 519px;\">\n<tbody>\n<tr>\n<td style=\"width: 246px;\">gez. Michaela Neumann<br \/>\nSchulleitung<\/td>\n<td style=\"width: 261px;\">gez. Michael Nickel<br \/>\nF\u00f6rderverein<\/td>\n<\/tr>\n<\/tbody>\n<\/table>\n<p><a href=\"https:\/\/www.hs.cws-hof.de\/wp-content\/uploads\/F\u00f6rderverein_Beitrittserkl\u00e4rung_2019.pdf\">Beitrittserkl\u00e4rung<\/a><\/p>\n","protected":false},"excerpt":{"rendered":"<p>Liebe Eltern, heute m\u00f6chten wir uns gemeinsam an Sie wenden. Viele Veranstaltungen, Vortr\u00e4ge, Klassenfahrten, Anschaffungen, Projekte, usw.\u00a0werden erst durch die Unterst\u00fctzung des Elternbeirates und des F\u00f6rdervereins\u00a0m\u00f6glich. In den letzten Jahren setzten wir f\u00fcr folgende Projekte Gelder ein: Zusch\u00fcsse zu Klassenfahrten, Ausfl\u00fcgen, Projekten und Vortr\u00e4gen Ausstattung der Klassenzimmer mit Beamer Gutscheine f\u00fcr Ehrungen Weihnachtsbaum usw. F\u00fcr &hellip; <a href=\"https:\/\/ms.cws-hof.de\/?page_id=904\" class=\"more-link\"><span class=\"screen-reader-text\">F\u00f6rderverein<\/span> weiterlesen <span class=\"meta-nav\">&rarr;<\/span><\/a><\/p>\n","protected":false},"author":51,"featured_media":0,"parent":0,"menu_order":0,"comment_status":"closed","ping_status":"closed","template":"","meta":{"footnotes":""},"class_list":["post-904","page","type-page","status-publish","hentry"],"_links":{"self":[{"href":"https:\/\/ms.cws-hof.de\/index.php?rest_route=\/wp\/v2\/pages\/904","targetHints":{"allow":["GET"]}}],"collection":[{"href":"https:\/\/ms.cws-hof.de\/index.php?rest_route=\/wp\/v2\/pages"}],"about":[{"href":"https:\/\/ms.cws-hof.de\/index.php?rest_route=\/wp\/v2\/types\/page"}],"author":[{"embeddable":true,"href":"https:\/\/ms.cws-hof.de\/index.php?rest_route=\/wp\/v2\/users\/51"}],"replies":[{"embeddable":true,"href":"https:\/\/ms.cws-hof.de\/index.php?rest_route=%2Fwp%2Fv2%2Fcomments&post=904"}],"version-history":[{"count":11,"href":"https:\/\/ms.cws-hof.de\/index.php?rest_route=\/wp\/v2\/pages\/904\/revisions"}],"predecessor-version":[{"id":3401,"href":"https:\/\/ms.cws-hof.de\/index.php?rest_route=\/wp\/v2\/pages\/904\/revisions\/3401"}],"wp:attachment":[{"href":"https:\/\/ms.cws-hof.de\/index.php?rest_route=%2Fwp%2Fv2%2Fmedia&parent=904"}],"curies":[{"name":"wp","href":"https:\/\/api.w.org\/{rel}","templated":true}]}}