{"id":886,"date":"2013-12-27T13:56:20","date_gmt":"2013-12-27T12:56:20","guid":{"rendered":"http:\/\/www.hs.cws-hof.de\/?page_id=886"},"modified":"2023-12-02T18:58:11","modified_gmt":"2023-12-02T17:58:11","slug":"arbeitsgemeinschaften","status":"publish","type":"page","link":"https:\/\/ms.cws-hof.de\/?page_id=886","title":{"rendered":"Arbeitsgemeinschaften"},"content":{"rendered":"\n<p><strong>Unsere AGs im Schuljahr 2023(\/24<\/strong><\/p>\n\n\n\n<p>Aufgrund von weniger Lehrerstundenzuweisung gibt es im Schuljahr 2023\/24 im Rahmen von Differenzierten Sport<\/p>\n\n\n\n<p>AG Ballspiele<\/p>\n\n\n\n<p>AG Anf\u00e4nger-Schwimmen<\/p>\n\n\n\n<p>AG Fu\u00dfball<\/p>\n\n\n\n<p>au\u00dferdem<br>AG Musik<\/p>\n\n\n\n<p><strong>Unsere AGs im Schuljahr 2019\/20<\/strong><\/p>\n\n\n\n<p>AG Brain und motion<br>\nAG Fu\u00dfball 5\/6<br>\nAG Gitarre<br>\nAG Hof-Fotografie<br>\nAG Judo (Gymnastikraum)<br>\nAG Modellbau<br>\nAG Tiere <br>\nAG CrossFit<br>\nAG Fu\u00dfball 7-9<br>\nAG M\u00e4rchen<br>\nAG Moderne Kunst<br>\nAG Schneiderei<br>\nAG Vorlesen in Kindergarten und Seniorenheim<br>\nAG Weltraum<\/p>\n\n\n\n<p><\/p>\n\n\n<p><strong>Unsere AGs im Schuljahr 2017\/18<\/strong><\/p>\n<ul>\n<li>AG Kombiwurm \u201eSoziales Lernen\u201c\n<ul>\n<li>10 Wochen AG Tierheim<\/li>\n<li>10 Wochen AG Vorlesen in Kindergarten und Altenheim<\/li>\n<li>10 Wochen AG Sanit\u00e4tsdienst<\/li>\n<\/ul>\n<\/li>\n<li>AG Bogenschie\u00dfen<\/li>\n<li>AG Fu\u00dfball<\/li>\n<li>AG Fitness-Spiele<\/li>\n<li>AG Spanisch<\/li>\n<li>AG Schneiderei<\/li>\n<li>AG Judo<\/li>\n<li>AG Schwimmen<\/li>\n<li>AG Gestalten<\/li>\n<li>AG Gitarre<\/li>\n<li>AG Ger\u00e4tturnen<\/li>\n<li>AG Modellbau<\/li>\n<li>AG Beton<\/li>\n<li>AG Zirkus<\/li>\n<li>AG Basketball<\/li>\n<li>AG Raufen und Rangeln<\/li>\n<li>AG Keyboard<\/li>\n<li>AG Sch\u00fclerzeitung<\/li>\n<\/ul>\n<p><strong>Unsere AGs im Schuljahr 2016\/17<\/strong><\/p>\n<p>AG Comedy<\/p>\n<p>AG Kreativ Theater<\/p>\n<p>AG Beton<\/p>\n<p><a href=\"https:\/\/www.hs.cws-hof.de\/wp-content\/uploads\/IMG_5166.jpg\"><img loading=\"lazy\" decoding=\"async\" class=\"alignnone wp-image-2287 size-large\" src=\"https:\/\/www.hs.cws-hof.de\/wp-content\/uploads\/IMG_5166-e1480367589777-682x1024.jpg\" alt=\"img_5166\" width=\"474\" height=\"712\" srcset=\"https:\/\/ms.cws-hof.de\/wp-content\/uploads\/IMG_5166-e1480367589777-682x1024.jpg 682w, https:\/\/ms.cws-hof.de\/wp-content\/uploads\/IMG_5166-e1480367589777-200x300.jpg 200w, https:\/\/ms.cws-hof.de\/wp-content\/uploads\/IMG_5166-e1480367589777-768x1153.jpg 768w\" sizes=\"auto, (max-width: 474px) 100vw, 474px\" \/><\/a><\/p>\n<p>AG Gitarre<\/p>\n<p>AG Trommeln<\/p>\n<p>AG Schwimmen<\/p>\n<p>AG Fu\u00dfball<\/p>\n<p>AG Handball<\/p>\n<p>AG Judo<\/p>\n<p>AG Starke M\u00e4dchen<\/p>\n<p>AG Wolle<\/p>\n<p>AG Modellbau<\/p>\n<p>AG Bogenschie\u00dfen<\/p>\n<p>AG Sch\u00fclerzeitung<\/p>\n<p>AG Schulvideo<\/p>\n<p>AG Ger\u00e4tturnen<\/p>\n<\/p>\n<p><em><strong>Unsere AGs im Schuljahr 2014\/15<\/strong><\/em><\/p>\n<p>AG Schulspiel \u00a0Frau Grimm<\/p>\n<p>AG Tennis Frau Gollasch<\/p>\n<p>AG Handball Herr Roch<\/p>\n<p>AG Basketball Herr Roch<\/p>\n<p>AG Modellbau Herr Schmidt<\/p>\n<p>AG Bogenschie\u00dfen Herr Brecht<\/p>\n<p>AG Gitarre Herr R\u00fcster (\u00fcber VHS)<\/p>\n<p>AG Trendsport Herr Wei\u00dfner (\u00fcber VHS)<\/p>\n<p>AG Judo Frau Deyerling<\/p>\n<p>AG Schwimmen Frau Gollasch<\/p>\n<p>AG Fu\u00dfball I Herr Stadelmann<\/p>\n<p>AG Fu\u00dfball II Herr Stadelmann<\/p>\n<\/p>\n<\/p>\n<p><span style=\"font-size: large; color: #0000ff;\"><strong>Unsere AGs im Schuljahr 2013\/14:<\/strong><\/span><\/p>\n<p>AG Schulspiel (Frau Grimm)<\/p>\n<p><a href=\"https:\/\/www.hs.cws-hof.de\/wp-content\/uploads\/Niko-Navi.jpg\"><img loading=\"lazy\" decoding=\"async\" class=\"alignnone size-medium wp-image-842\" src=\"https:\/\/www.hs.cws-hof.de\/wp-content\/uploads\/Niko-Navi-300x199.jpg\" alt=\"Niko Navi\" width=\"300\" height=\"199\" srcset=\"https:\/\/ms.cws-hof.de\/wp-content\/uploads\/Niko-Navi-300x199.jpg 300w, https:\/\/ms.cws-hof.de\/wp-content\/uploads\/Niko-Navi-1024x682.jpg 1024w, https:\/\/ms.cws-hof.de\/wp-content\/uploads\/Niko-Navi-120x80.jpg 120w\" sizes=\"auto, (max-width: 300px) 100vw, 300px\" \/><\/a><\/p>\n<p>AG Bogenschie\u00dfen (Herr Brecht)<\/p>\n<p><a href=\"https:\/\/www.hs.cws-hof.de\/wp-content\/uploads\/IMG_0586.jpg\"><img loading=\"lazy\" decoding=\"async\" class=\"alignnone size-medium wp-image-980\" src=\"https:\/\/www.hs.cws-hof.de\/wp-content\/uploads\/IMG_0586-300x225.jpg\" alt=\"IMG_0586\" width=\"300\" height=\"225\" srcset=\"https:\/\/ms.cws-hof.de\/wp-content\/uploads\/IMG_0586-300x225.jpg 300w, https:\/\/ms.cws-hof.de\/wp-content\/uploads\/IMG_0586-1024x768.jpg 1024w, https:\/\/ms.cws-hof.de\/wp-content\/uploads\/IMG_0586-160x120.jpg 160w\" sizes=\"auto, (max-width: 300px) 100vw, 300px\" \/><\/a><\/p>\n<\/p>\n<p><a href=\"https:\/\/www.hs.cws-hof.de\/wp-content\/uploads\/IMG_0589.jpg\"><img loading=\"lazy\" decoding=\"async\" class=\"alignnone size-medium wp-image-981\" src=\"https:\/\/www.hs.cws-hof.de\/wp-content\/uploads\/IMG_0589-225x300.jpg\" alt=\"IMG_0589\" width=\"225\" height=\"300\" srcset=\"https:\/\/ms.cws-hof.de\/wp-content\/uploads\/IMG_0589-225x300.jpg 225w, https:\/\/ms.cws-hof.de\/wp-content\/uploads\/IMG_0589-768x1024.jpg 768w\" sizes=\"auto, (max-width: 225px) 100vw, 225px\" \/><\/a> <a href=\"https:\/\/www.hs.cws-hof.de\/wp-content\/uploads\/IMG_0591.jpg\"><img loading=\"lazy\" decoding=\"async\" class=\"alignnone size-medium wp-image-982\" src=\"https:\/\/www.hs.cws-hof.de\/wp-content\/uploads\/IMG_0591-225x300.jpg\" alt=\"IMG_0591\" width=\"225\" height=\"300\" srcset=\"https:\/\/ms.cws-hof.de\/wp-content\/uploads\/IMG_0591-225x300.jpg 225w, https:\/\/ms.cws-hof.de\/wp-content\/uploads\/IMG_0591-768x1024.jpg 768w\" sizes=\"auto, (max-width: 225px) 100vw, 225px\" \/><\/a><\/p>\n<p>AG Schulband ( Herr Speckner)<\/p>\n<p><a href=\"https:\/\/www.hs.cws-hof.de\/wp-content\/uploads\/Schulband1.jpg\"><img loading=\"lazy\" decoding=\"async\" class=\"alignnone size-medium wp-image-961\" src=\"https:\/\/www.hs.cws-hof.de\/wp-content\/uploads\/Schulband1-300x225.jpg\" alt=\"Schulband\" width=\"300\" height=\"225\" srcset=\"https:\/\/ms.cws-hof.de\/wp-content\/uploads\/Schulband1-300x225.jpg 300w, https:\/\/ms.cws-hof.de\/wp-content\/uploads\/Schulband1-160x120.jpg 160w, https:\/\/ms.cws-hof.de\/wp-content\/uploads\/Schulband1.jpg 1000w\" sizes=\"auto, (max-width: 300px) 100vw, 300px\" \/><\/a><\/p>\n<p>AG Schwimmen (Frau Gollasch)<\/p>\n<p><a href=\"https:\/\/www.hs.cws-hof.de\/wp-content\/uploads\/IMG_1065.jpg\"><img loading=\"lazy\" decoding=\"async\" class=\"alignnone size-medium wp-image-1041\" src=\"https:\/\/www.hs.cws-hof.de\/wp-content\/uploads\/IMG_1065-300x225.jpg\" alt=\"IMG_1065\" width=\"300\" height=\"225\" srcset=\"https:\/\/ms.cws-hof.de\/wp-content\/uploads\/IMG_1065-300x225.jpg 300w, https:\/\/ms.cws-hof.de\/wp-content\/uploads\/IMG_1065-160x120.jpg 160w, https:\/\/ms.cws-hof.de\/wp-content\/uploads\/IMG_1065.jpg 640w\" sizes=\"auto, (max-width: 300px) 100vw, 300px\" \/><\/a> <a href=\"https:\/\/www.hs.cws-hof.de\/wp-content\/uploads\/IMG_1068.jpg\"><img loading=\"lazy\" decoding=\"async\" class=\"alignnone size-medium wp-image-1050\" src=\"https:\/\/www.hs.cws-hof.de\/wp-content\/uploads\/IMG_1068-300x225.jpg\" alt=\"IMG_1068\" width=\"300\" height=\"225\" srcset=\"https:\/\/ms.cws-hof.de\/wp-content\/uploads\/IMG_1068-300x225.jpg 300w, https:\/\/ms.cws-hof.de\/wp-content\/uploads\/IMG_1068-160x120.jpg 160w, https:\/\/ms.cws-hof.de\/wp-content\/uploads\/IMG_1068.jpg 640w\" sizes=\"auto, (max-width: 300px) 100vw, 300px\" \/><\/a><\/p>\n<\/p>\n<p><a href=\"https:\/\/www.hs.cws-hof.de\/wp-content\/uploads\/IMG_1069.jpg\"><img loading=\"lazy\" decoding=\"async\" class=\"alignnone size-medium wp-image-1051\" src=\"https:\/\/www.hs.cws-hof.de\/wp-content\/uploads\/IMG_1069-300x225.jpg\" alt=\"IMG_1069\" width=\"300\" height=\"225\" srcset=\"https:\/\/ms.cws-hof.de\/wp-content\/uploads\/IMG_1069-300x225.jpg 300w, https:\/\/ms.cws-hof.de\/wp-content\/uploads\/IMG_1069-160x120.jpg 160w, https:\/\/ms.cws-hof.de\/wp-content\/uploads\/IMG_1069.jpg 640w\" sizes=\"auto, (max-width: 300px) 100vw, 300px\" \/><\/a> <a href=\"https:\/\/www.hs.cws-hof.de\/wp-content\/uploads\/IMG_1072.jpg\"><img loading=\"lazy\" decoding=\"async\" class=\"alignnone size-medium wp-image-1052\" src=\"https:\/\/www.hs.cws-hof.de\/wp-content\/uploads\/IMG_1072-300x225.jpg\" alt=\"IMG_1072\" width=\"300\" height=\"225\" srcset=\"https:\/\/ms.cws-hof.de\/wp-content\/uploads\/IMG_1072-300x225.jpg 300w, https:\/\/ms.cws-hof.de\/wp-content\/uploads\/IMG_1072-160x120.jpg 160w, https:\/\/ms.cws-hof.de\/wp-content\/uploads\/IMG_1072.jpg 640w\" sizes=\"auto, (max-width: 300px) 100vw, 300px\" \/><\/a><\/p>\n<\/p>\n<p>AG Streitschlichter (Frau Neumann)<\/p>\n<p>AG Trendsport (Herr Wei\u00dfner, VHS Hof-Land)<\/p>\n<p>AG Gitarre ( Herr Spie\u00df, VHS Hof-Land)<\/p>\n<p>AG Basketball (Herr Roch)<\/p>\n<p>AG Tennis (Frau Gollasch)<\/p>\n<p><a href=\"https:\/\/www.hs.cws-hof.de\/wp-content\/uploads\/IMG_1082.jpg\"><img loading=\"lazy\" decoding=\"async\" class=\"alignnone size-medium wp-image-1090\" src=\"https:\/\/www.hs.cws-hof.de\/wp-content\/uploads\/IMG_1082-300x225.jpg\" alt=\"IMG_1082\" width=\"300\" height=\"225\" srcset=\"https:\/\/ms.cws-hof.de\/wp-content\/uploads\/IMG_1082-300x225.jpg 300w, https:\/\/ms.cws-hof.de\/wp-content\/uploads\/IMG_1082-160x120.jpg 160w, https:\/\/ms.cws-hof.de\/wp-content\/uploads\/IMG_1082.jpg 640w\" sizes=\"auto, (max-width: 300px) 100vw, 300px\" \/><\/a><\/p>\n<p><a href=\"https:\/\/www.hs.cws-hof.de\/wp-content\/uploads\/IMG_1084.jpg\"><img loading=\"lazy\" decoding=\"async\" class=\"alignnone size-medium wp-image-1091\" src=\"https:\/\/www.hs.cws-hof.de\/wp-content\/uploads\/IMG_1084-300x225.jpg\" alt=\"IMG_1084\" width=\"300\" height=\"225\" srcset=\"https:\/\/ms.cws-hof.de\/wp-content\/uploads\/IMG_1084-300x225.jpg 300w, https:\/\/ms.cws-hof.de\/wp-content\/uploads\/IMG_1084-160x120.jpg 160w, https:\/\/ms.cws-hof.de\/wp-content\/uploads\/IMG_1084.jpg 640w\" sizes=\"auto, (max-width: 300px) 100vw, 300px\" \/><\/a><\/p>\n<p><a href=\"https:\/\/www.hs.cws-hof.de\/wp-content\/uploads\/IMG_1085.jpg\"><img loading=\"lazy\" decoding=\"async\" class=\"alignnone size-medium wp-image-1092\" src=\"https:\/\/www.hs.cws-hof.de\/wp-content\/uploads\/IMG_1085-300x225.jpg\" alt=\"IMG_1085\" width=\"300\" height=\"225\" srcset=\"https:\/\/ms.cws-hof.de\/wp-content\/uploads\/IMG_1085-300x225.jpg 300w, https:\/\/ms.cws-hof.de\/wp-content\/uploads\/IMG_1085-160x120.jpg 160w, https:\/\/ms.cws-hof.de\/wp-content\/uploads\/IMG_1085.jpg 640w\" sizes=\"auto, (max-width: 300px) 100vw, 300px\" \/><\/a><\/p>\n<p>AG Schulgarten (Frau Rogler)<\/p>\n<p>AG Turnen (Herr Innmann)<\/p>\n<p>AG Fu\u00dfball (Herr Stadelmann)<\/p>\n<p>AG Fu\u00dfball (Herr Schaal)<\/p>\n<p>AG Rhytym and Rap (Frau Feigl)<\/p>\n<p>AG Handball (Herr Schmidt)<\/p>\n<p>AG Schulhausgestaltung<\/p>\n<p>AG Lesen (Frau Landel\/Frau Spahn\/ Frau K\u00f6brich)<\/p>","protected":false},"excerpt":{"rendered":"<p>Unsere AGs im Schuljahr 2023(\/24 Aufgrund von weniger Lehrerstundenzuweisung gibt es im Schuljahr 2023\/24 im Rahmen von Differenzierten Sport AG Ballspiele AG Anf\u00e4nger-Schwimmen AG Fu\u00dfball au\u00dferdemAG Musik Unsere AGs im Schuljahr 2019\/20 AG Brain und motion AG Fu\u00dfball 5\/6 AG Gitarre AG Hof-Fotografie AG Judo (Gymnastikraum) AG Modellbau AG Tiere AG CrossFit AG Fu\u00dfball 7-9 &hellip; <a href=\"https:\/\/ms.cws-hof.de\/?page_id=886\" class=\"more-link\"><span class=\"screen-reader-text\">Arbeitsgemeinschaften<\/span> weiterlesen <span class=\"meta-nav\">&rarr;<\/span><\/a><\/p>\n","protected":false},"author":51,"featured_media":0,"parent":0,"menu_order":0,"comment_status":"closed","ping_status":"closed","template":"","meta":{"footnotes":""},"class_list":["post-886","page","type-page","status-publish","hentry"],"_links":{"self":[{"href":"https:\/\/ms.cws-hof.de\/index.php?rest_route=\/wp\/v2\/pages\/886","targetHints":{"allow":["GET"]}}],"collection":[{"href":"https:\/\/ms.cws-hof.de\/index.php?rest_route=\/wp\/v2\/pages"}],"about":[{"href":"https:\/\/ms.cws-hof.de\/index.php?rest_route=\/wp\/v2\/types\/page"}],"author":[{"embeddable":true,"href":"https:\/\/ms.cws-hof.de\/index.php?rest_route=\/wp\/v2\/users\/51"}],"replies":[{"embeddable":true,"href":"https:\/\/ms.cws-hof.de\/index.php?rest_route=%2Fwp%2Fv2%2Fcomments&post=886"}],"version-history":[{"count":13,"href":"https:\/\/ms.cws-hof.de\/index.php?rest_route=\/wp\/v2\/pages\/886\/revisions"}],"predecessor-version":[{"id":11921,"href":"https:\/\/ms.cws-hof.de\/index.php?rest_route=\/wp\/v2\/pages\/886\/revisions\/11921"}],"wp:attachment":[{"href":"https:\/\/ms.cws-hof.de\/index.php?rest_route=%2Fwp%2Fv2%2Fmedia&parent=886"}],"curies":[{"name":"wp","href":"https:\/\/api.w.org\/{rel}","templated":true}]}}