{"id":189,"date":"2011-09-26T17:44:22","date_gmt":"2011-09-26T17:44:22","guid":{"rendered":"http:\/\/www.hs.cws-hof.de\/?page_id=189"},"modified":"2024-09-22T20:57:55","modified_gmt":"2024-09-22T18:57:55","slug":"ganztagesbetreuung","status":"publish","type":"page","link":"https:\/\/ms.cws-hof.de\/?page_id=189","title":{"rendered":"Ganztagesbetreuung"},"content":{"rendered":"\n<p>Die Christian-Wolfrum-Mittelschule ist Ganztagsschule, d. h. dass in jeder Jahrgangsstufe mindestens eine Klasse \u00fcber ein Ganztagesangebot verf\u00fcgt. Davon ausgenommen sind die Mittlere-Reife-Klassen (M-Zug). Dabei unterscheiden wir Gebundene und Offene Ganztagsklassen.<\/p>\n\n\n\n<p><span style=\"text-decoration: underline;\"><strong>a) Gebundene Ganztagsklassen<\/strong><\/span><\/p>\n\n\n\n<p><strong><a href=\"https:\/\/ms.cws-hof.de\/wp-content\/uploads\/2023-24-Anmeldeblatt-GGT.pdf\">Anmeldung zur Gebundenen Ganztagsklasse<\/a><\/strong><\/p>\n\n\n\n<p>In den Gebundenen Ganztagesklassen (bei uns derzeit die Jahrgangsstufen 5 und 6) dauert der Unterricht t\u00e4glich von 8:00 &#8211; 15:30 Uhr (freitags bis maximal 13:00 Uhr). Der Besuch einer Ganztagesklasse ist v\u00f6llig kostenlos (bis auf das Mittagessen).<\/p>\n\n\n\n<p>Von Montag bis Donnerstag nehmen die Kinder in der Schule ein gemeinsames Mittagessen ein. Derzeit werden wir von Frau \u00dczg\u00fcn aus dem Frauenkultur Cafe &nbsp;bekocht, die uns einen abwechslungsreichen Speiseplan erstellt, wobei die Sch\u00fcler jeden Tag die Auswahl aus zwei verschiedenen Gerichten haben. Der Eigenkostenanteil der Eltern betr\u00e4gt pro Mittagessen lediglich 3,50 EUR, so dass das Angebot auch f\u00fcr sozial schw\u00e4chere Familien zu tragen ist. In besonderen H\u00e4rtef\u00e4llen (z.B. Bezug von Hartz IV o.\u00e4.) \u00fcbernimmt diesen Betrag die Stadt Hof. Die Einnahme eines gemeinsamen Mittagessens geh\u00f6rt zum Konzept der Ganztagsschule und ist daher verpflichtend.<\/p>\n\n\n\n<p>Der Unterricht verteilt sich in der Gebundenen Ganztagsschule relativ gleichm\u00e4\u00dfig auf den ganzen Schultag. Die Lehrkr\u00e4fte sind weniger an feste Unterrichtszeiten gebunden und haben mehr Zeit auf die individuellen Anforderungen der Kinder einzugehen. Au\u00dferdem besteht ein zus\u00e4tzliches Angebot an F\u00f6rderstunden in den Kernf\u00e4chern und eine abwechslungsreiche Auswahl an Arbeitsgemeinschaften und Sportgruppen, die den Schulalltag nicht langweilig werden lassen.<\/p>\n\n\n\n<p>Wenn Sie Ihr Kind f\u00fcr eine Gebundene Ganztagsklasse anmelden m\u00f6chten, setzen Sie sich bitte mit uns in Verbindung und vereinbaren Sie einen Gespr\u00e4chstermin.<\/p>\n\n\n\n<p>Sollte es pro Jahrgangsstufe mehr Anmeldungen geben als Pl\u00e4tze zur Verf\u00fcgung stehen, so werden Kinder aus sozial schw\u00e4cheren Familien bevorzugt.<\/p>\n\n\n\n<p><span style=\"text-decoration: underline;\"><strong>b) Offene Ganztagsschule<\/strong><\/span><\/p>\n\n\n\n<p>Die Bezeichnung Offene Ganztags<span style=\"text-decoration: underline;\"><em>schule<\/em><\/span> bringt bereits zum Ausdruck, dass dieses Angebot nicht auf bestimmte Klassen beschr\u00e4nkt ist. Sch\u00fcler, die eine Regelklasse besuchen, k\u00f6nnen hier auch am Nachmittag betreut werden, wobei in den Nachmittagsstunden kein regelm\u00e4\u00dfiger Unterricht stattfindet, sondern ein betreutes Arbeiten. Es werden Hausaufgaben erledigt, das gemeinsame Lernen unterst\u00fctzt oder nach getaner Arbeit auch Spiele gemacht. Die Betreuung unserer Sch\u00fcler findet in unserem alten Schulgeb\u00e4ude in Leimitz und im Klassenzimmer E12 im Haupthaus statt.<\/p>\n\n\n\n<p>Der Partner der Christian-Wolfrum-Schule f\u00fcr diese Form der Nachmittagsbetreuung ist der Stadtjugendring Hof. Das Angebot ist kostenpflichtig, wobei ein warmes Mittagessen enthalten ist.<\/p>\n\n\n\n<p>Allgemeine Informationen der Regierung von Oberfranken zu Ganztagsschulen finden sie <a href=\"https:\/\/www.regierung.oberfranken.bayern.de\/schulen\/mittelschulen\/index.php#erziehung\" target=\"_blank\" rel=\"noopener noreferrer\">hier<\/a>.<\/p>\n","protected":false},"excerpt":{"rendered":"<p>Die Christian-Wolfrum-Mittelschule ist Ganztagsschule, d. h. dass in jeder Jahrgangsstufe mindestens eine Klasse \u00fcber ein Ganztagesangebot verf\u00fcgt. Davon ausgenommen sind die Mittlere-Reife-Klassen (M-Zug). Dabei unterscheiden wir Gebundene und Offene Ganztagsklassen. a) Gebundene Ganztagsklassen Anmeldung zur Gebundenen Ganztagsklasse In den Gebundenen Ganztagesklassen (bei uns derzeit die Jahrgangsstufen 5 und 6) dauert der Unterricht t\u00e4glich von 8:00 &hellip; <a href=\"https:\/\/ms.cws-hof.de\/?page_id=189\" class=\"more-link\"><span class=\"screen-reader-text\">Ganztagesbetreuung<\/span> weiterlesen <span class=\"meta-nav\">&rarr;<\/span><\/a><\/p>\n","protected":false},"author":51,"featured_media":0,"parent":0,"menu_order":0,"comment_status":"closed","ping_status":"closed","template":"","meta":{"footnotes":""},"class_list":["post-189","page","type-page","status-publish","hentry"],"_links":{"self":[{"href":"https:\/\/ms.cws-hof.de\/index.php?rest_route=\/wp\/v2\/pages\/189","targetHints":{"allow":["GET"]}}],"collection":[{"href":"https:\/\/ms.cws-hof.de\/index.php?rest_route=\/wp\/v2\/pages"}],"about":[{"href":"https:\/\/ms.cws-hof.de\/index.php?rest_route=\/wp\/v2\/types\/page"}],"author":[{"embeddable":true,"href":"https:\/\/ms.cws-hof.de\/index.php?rest_route=\/wp\/v2\/users\/51"}],"replies":[{"embeddable":true,"href":"https:\/\/ms.cws-hof.de\/index.php?rest_route=%2Fwp%2Fv2%2Fcomments&post=189"}],"version-history":[{"count":25,"href":"https:\/\/ms.cws-hof.de\/index.php?rest_route=\/wp\/v2\/pages\/189\/revisions"}],"predecessor-version":[{"id":12093,"href":"https:\/\/ms.cws-hof.de\/index.php?rest_route=\/wp\/v2\/pages\/189\/revisions\/12093"}],"wp:attachment":[{"href":"https:\/\/ms.cws-hof.de\/index.php?rest_route=%2Fwp%2Fv2%2Fmedia&parent=189"}],"curies":[{"name":"wp","href":"https:\/\/api.w.org\/{rel}","templated":true}]}}