{"id":186,"date":"2011-09-26T17:43:56","date_gmt":"2011-09-26T17:43:56","guid":{"rendered":"http:\/\/www.hs.cws-hof.de\/?page_id=186"},"modified":"2024-09-20T07:58:47","modified_gmt":"2024-09-20T05:58:47","slug":"schulprofil","status":"publish","type":"page","link":"https:\/\/ms.cws-hof.de\/?page_id=186","title":{"rendered":"Schulprofil"},"content":{"rendered":"<p>Die Christian-Wolfrum-Mittelschule ist eine von drei gro\u00dfen Stadtschulen in Hof. Im Schuljahr 2010\/11 wurden wir zur Mittelschule ernannt, da wir die daf\u00fcr vorgesehenen Voraussetzungen m\u00fchelos erf\u00fcllen k\u00f6nnen.<\/p>\n<p>Als Schulleiterin steht Frau Michaela Neumann als Rektorin der Mittelschule vor, unterst\u00fctzt wird sie von Frau Monika R\u00f6del als Konrektorin.<\/p>\n<p>Zusammen mit der <a href=\"http:\/\/www.gs.cws-hof.de\" target=\"_blank\" rel=\"noopener\">Christian-Wolfrum-Grundschule<\/a>, die eine eigene Schule mit eigener Schulleitung ist, befinden wir uns in unserem Hauptgeb\u00e4ude in der Leimitzer Stra\u00dfe 56\u00a0 in Hof. Zus\u00e4tzlich haben wir vier Klassen im Schulhaus der alten Angerschule in der Heiligengrabstra\u00dfe 1 untergebracht.<\/p>\n<p>Im Schuljahr 2024\/25 haben wir 17 Klassen mit rund 340 Sch\u00fclern, die von 17 Klassenlehrkr\u00e4ften und 20 Fachlehrern betreut werden. Zus\u00e4tzlich arbeiten wir mit au\u00dferschulischen Partnern zusammen, deren p\u00e4dagogisch ausgebildete Fachkr\u00e4fte in den Ganztagsklassen zum Einsatz kommen.<\/p>\n<p>Unser Angebot umfasst neben einem voll ausgebauten M-Zug, der die Sch\u00fcler zum Mittleren Schulabschluss f\u00fchrt auch <a title=\"Ganztagesbetreuung\" href=\"https:\/\/www.hs.cws-hof.de\/?page_id=189\" target=\"_blank\" rel=\"noopener\">Gebundene Ganztagesklassen<\/a>, derzeit die Jahrgangsstufen 5 und 6 und eine <a title=\"Ganztagesbetreuung\" href=\"https:\/\/www.hs.cws-hof.de\/?page_id=189\" target=\"_blank\" rel=\"noopener\">Offene Ganztagsbetreuung<\/a>, die alle Jahrgangsstufen umfasst. Zudem haben wir eine eCn-Klasse 9 und eine Deutschklasse 7-9.<\/p>\n<p>Wir sind schon lange Jahr zertifizierte Umweltschule und seit Mai 2018 &#8222;Schule ohne Rassismus &#8211; Schule mit Courage&#8220;.<\/p>\n<p>Besonderen Wert legen wir zudem\u00a0 auf den Grundsatz des ganzheitlichen Lernens &#8222;mit Herz, Hand und Verstand&#8220;. Unsere Sch\u00fcler erhalten gem\u00e4\u00df den Prinzipien der Mittelschule ein begabungsgerechtes Lernangebot und begabungsgerechte Abschl\u00fcsse mit dem Schwerpunkt im praktischen Bereich. Seit Jahren arbeiten wir im Rahmen von Betriebserkundungen und Praktika sehr intensiv mit Partnern aus Wirtschaft, Handwerk und Industrie zusammen. Seit dem Schuljahr 2011\/12 besteht zudem eine Ausbildungspartnerschaft mit der Firma WILO SE in Hof, einem der f\u00fchrenden Betriebe unserer Stadt Hof mit internationalem Ansehen und besten Ausbildungschancen.<\/p>\n<p>Wir sind stolz auf unsere Sch\u00fcler!<\/p>\n","protected":false},"excerpt":{"rendered":"<p>Die Christian-Wolfrum-Mittelschule ist eine von drei gro\u00dfen Stadtschulen in Hof. Im Schuljahr 2010\/11 wurden wir zur Mittelschule ernannt, da wir die daf\u00fcr vorgesehenen Voraussetzungen m\u00fchelos erf\u00fcllen k\u00f6nnen. Als Schulleiterin steht Frau Michaela Neumann als Rektorin der Mittelschule vor, unterst\u00fctzt wird sie von Frau Monika R\u00f6del als Konrektorin. Zusammen mit der Christian-Wolfrum-Grundschule, die eine eigene Schule &hellip; <a href=\"https:\/\/ms.cws-hof.de\/?page_id=186\" class=\"more-link\"><span class=\"screen-reader-text\">Schulprofil<\/span> weiterlesen <span class=\"meta-nav\">&rarr;<\/span><\/a><\/p>\n","protected":false},"author":51,"featured_media":0,"parent":0,"menu_order":0,"comment_status":"closed","ping_status":"closed","template":"","meta":{"footnotes":""},"class_list":["post-186","page","type-page","status-publish","hentry"],"_links":{"self":[{"href":"https:\/\/ms.cws-hof.de\/index.php?rest_route=\/wp\/v2\/pages\/186","targetHints":{"allow":["GET"]}}],"collection":[{"href":"https:\/\/ms.cws-hof.de\/index.php?rest_route=\/wp\/v2\/pages"}],"about":[{"href":"https:\/\/ms.cws-hof.de\/index.php?rest_route=\/wp\/v2\/types\/page"}],"author":[{"embeddable":true,"href":"https:\/\/ms.cws-hof.de\/index.php?rest_route=\/wp\/v2\/users\/51"}],"replies":[{"embeddable":true,"href":"https:\/\/ms.cws-hof.de\/index.php?rest_route=%2Fwp%2Fv2%2Fcomments&post=186"}],"version-history":[{"count":15,"href":"https:\/\/ms.cws-hof.de\/index.php?rest_route=\/wp\/v2\/pages\/186\/revisions"}],"predecessor-version":[{"id":12084,"href":"https:\/\/ms.cws-hof.de\/index.php?rest_route=\/wp\/v2\/pages\/186\/revisions\/12084"}],"wp:attachment":[{"href":"https:\/\/ms.cws-hof.de\/index.php?rest_route=%2Fwp%2Fv2%2Fmedia&parent=186"}],"curies":[{"name":"wp","href":"https:\/\/api.w.org\/{rel}","templated":true}]}}