{"id":1708,"date":"2015-09-02T22:43:05","date_gmt":"2015-09-02T20:43:05","guid":{"rendered":"http:\/\/www.hs.cws-hof.de\/?page_id=1708"},"modified":"2025-10-13T21:22:13","modified_gmt":"2025-10-13T19:22:13","slug":"jahresthema-201516","status":"publish","type":"page","link":"https:\/\/ms.cws-hof.de\/?page_id=1708","title":{"rendered":"Jahresthema"},"content":{"rendered":"<h3>Jahresthema 2025\/26<\/h3><ul class=\"lcp_catlist\" id=\"lcp_instance_0\"><li><a href=\"https:\/\/ms.cws-hof.de\/?p=12440\">Wir sind bereit zu wachsen<\/a><div class=\"lcp_excerpt\">\n<\/div><\/li><li><a href=\"https:\/\/ms.cws-hof.de\/?p=12356\">Jahresthema 2025\/26<\/a><div class=\"lcp_excerpt\">\nDas Ziel aus unserem Schulentwicklungsprogramm:\n\n\nDurch klare Klassenf\u00fchrung, wertsch\u00e4tzende Kommunikation und praxisorientierte Lernangebote f\u00f6rdern wir gezielt die individuellen F\u00e4higkeiten unserer Sch\u00fclerinnen und Sch\u00fcler und bereiten sie verantwortungsvoll auf das Leben nach der Schule vor.\n\n\n\n<\/div><\/li><\/ul>\n\n\n<h3>Jahresthema 2024\/25 Unterrichtsentwicklung<\/h3><ul class=\"lcp_catlist\" id=\"lcp_instance_0\"><li><a href=\"https:\/\/ms.cws-hof.de\/?p=12118\">Jahresthema 2024\/25: Unterrichtsentwicklung<\/a><div class=\"lcp_excerpt\">\nJeder Sch\u00fcler\/jede Sch\u00fclerin soll optimal gesehen und gef\u00f6rdert werden\n\n<\/div><\/li><\/ul>\n\n\n<h3>Jahresthema 2023\/24 Toleranz<\/h3><ul class=\"lcp_catlist\" id=\"lcp_instance_0\"><li><a href=\"https:\/\/ms.cws-hof.de\/?p=11979\">Jahresthema 2023\/24: Toleranz<\/a><div class=\"lcp_excerpt\">\nToleranz: Der k\u00fcrzeste Weg zwischen zwei Menschen ist ein L\u00e4cheln\n\n\n\n<\/div><\/li><\/ul>\n\n\n<h3>Jahresthema 2022\/23 Vielfalt lieben<\/h3><ul class=\"lcp_catlist\" id=\"lcp_instance_0\"><li><a href=\"https:\/\/ms.cws-hof.de\/?p=11501\">Jahresthema 2022\/23: Vielfalt lieben<\/a><div class=\"lcp_excerpt\">\n\n\n<\/div><\/li><\/ul>\n\n\n<h3>Jahresthema 2021\/22 Respekt<\/h3><ul class=\"lcp_catlist\" id=\"lcp_instance_0\"><li><a href=\"https:\/\/ms.cws-hof.de\/?p=10822\">Jahresthema 2021\/22<\/a><div class=\"lcp_excerpt\">\n\n\n\n\n<\/div><\/li><\/ul>\n\n\n<h3>Jahresthema 2020\/21 Digitale Kommunikation Sch\u00fcler-Eltern-Lehrer<\/h3><ul class=\"lcp_catlist\" id=\"lcp_instance_0\"><li><a href=\"https:\/\/ms.cws-hof.de\/?p=8419\">Digitale Kommunikation Sch\u00fcler-Eltern-Lehrer<\/a><div class=\"lcp_excerpt\">\nDurch die Corona Pandemie, aber auch um mit dem digitalen Kommunikationsmedien Schritt halten zu k\u00f6nnen, f\u00fchren wir im Schuljahr 2020\/21 die Kommunikationsplattformen \n\n\n\nMS Teams \nedupage \n\n\n\nin allen Jahrgangsstufen ein.\n\n\nDie Lehrkr\u00e4fte werden in diesem Bereich ausf\u00fchrlich fortgebildet.\n\n<\/div><\/li><\/ul>\n\n\n<h3>Jahresthema 2019\/20 Lernen mit allen Sinnen- auch digital<\/h3><ul class=\"lcp_catlist\" id=\"lcp_instance_0\"><li><a href=\"https:\/\/ms.cws-hof.de\/?p=3490\">Lernen mit allen Sinnen- auch digital<\/a><div class=\"lcp_excerpt\">\nDie mediale Ausstattung unserer Schule wird St\u00fcck f\u00fcr St\u00fcck verbessert. Die neuen Modulklassenzimmer sind bereits mit Whiteboards ausgestattet.\n\n\nDas ver\u00e4ndert die Lernsituationen.\n\n\nTrotzdem sind alle anderen Methoden weiterhin wichtig und die Digitalisierung nicht die Garantie f\u00fcr nachhaltigen Unterricht.\n\n<\/div><\/li><\/ul>\n\n\n<ul class=\"lcp_catlist\" id=\"lcp_instance_0\"><li><a href=\"https:\/\/ms.cws-hof.de\/?p=2527\">SCHULE OHNE RASSISMUS &#8211; SCHULE MIT COURAGE<\/a><div class=\"lcp_excerpt\">Im Schuljahr 2017\/18 haben wir uns vorgenommen \u201eSCHULE OHNE RASSISMUS &#8211; SCHULE MIT COURAGE\u201c zu werden. Dazu laufen in diesem Schuljahr einige Projekte und Aktionen.\nEin besonderer Termin wird dabei das Schulfest am 5.Mai 2018 sein.\n<\/div><\/li><\/ul>\n\n\n<ul class=\"lcp_catlist\" id=\"lcp_instance_0\"><li><a href=\"https:\/\/ms.cws-hof.de\/?p=2124\">Auftakt im Schuljahresanfangsgottesdienst<\/a><div class=\"lcp_excerpt\">\nIm Schulhaus h\u00e4ngt nun ein Bild mit allen Sch\u00fcler und Lehrernamen. Wir wollen uns gemeinsam auf den Weg machen.\n<\/div><\/li><\/ul>\n\n\n<ul class=\"lcp_catlist\" id=\"lcp_instance_0\"><li><a href=\"https:\/\/ms.cws-hof.de\/?p=1746\">Jahresthema 2014\/15: Werteerziehung<\/a><div class=\"lcp_excerpt\">Wir sind nicht allein auf dieser Welt,\nalso brauchen wir verbindliche Werte,\ndie uns helfen, dass sich alle in der Gemeinschaft wohl f\u00fchlen!\n\nUnsere Monatswerte:\n\n\n\nJuli 2015\nDankbarkeit\n\n\nJuni 2015\nAnerkennung\n\n\nMai 2015\nHilfsbereitschaft\n\n\nApril 2015\nToleranz\n\n\nM\u00e4rz 2015\nAkzeptanz\n\n\nFebruar 2015\nP\u00fcnktlichkeit\n\n\nJanuar 2015\nAchtung\n\n\nDezember 2014\nZuverl\u00e4ssigkeit\n\n\nNovember 2014\nFreundlichkeit\n\n\nSeptember und Oktober 2014\nH\u00f6flichkeit\n\n\n\n\n<\/div><\/li><\/ul>\n\n\n<ul class=\"lcp_catlist\" id=\"lcp_instance_0\"><li><a href=\"https:\/\/ms.cws-hof.de\/?p=1744\">Jahresthema 2013\/14: B\u00fccherkunst<\/a><div class=\"lcp_excerpt\">\n\nDas Jahresthema \u2013\n\u201eWer die B\u00fccher zum Freund hat, kennt keine Langeweile.\u201c\n&#8211; mal etwas anders interpretiert.\n\n\n\nIn Vertretungsstunden arbeiteten Sch\u00fcler aus verschiedenen Klassen an einem gemeinsamen Buchprojekt. So falteten Sch\u00fcler der 5., 6. und 8. Jahrgangsstufe alte B\u00fccher aus der Lehrerhandb\u00fccherei, die weggeworfen werden sollten. Halbierte oder zum Dreieck gefaltete Buchseiten ergeben eindrucksvolle Muster \u2013 die B\u00fccher ...<\/div><\/li><\/ul>\n","protected":false},"excerpt":{"rendered":"","protected":false},"author":51,"featured_media":0,"parent":0,"menu_order":0,"comment_status":"closed","ping_status":"closed","template":"","meta":{"footnotes":""},"class_list":["post-1708","page","type-page","status-publish","hentry"],"_links":{"self":[{"href":"https:\/\/ms.cws-hof.de\/index.php?rest_route=\/wp\/v2\/pages\/1708","targetHints":{"allow":["GET"]}}],"collection":[{"href":"https:\/\/ms.cws-hof.de\/index.php?rest_route=\/wp\/v2\/pages"}],"about":[{"href":"https:\/\/ms.cws-hof.de\/index.php?rest_route=\/wp\/v2\/types\/page"}],"author":[{"embeddable":true,"href":"https:\/\/ms.cws-hof.de\/index.php?rest_route=\/wp\/v2\/users\/51"}],"replies":[{"embeddable":true,"href":"https:\/\/ms.cws-hof.de\/index.php?rest_route=%2Fwp%2Fv2%2Fcomments&post=1708"}],"version-history":[{"count":18,"href":"https:\/\/ms.cws-hof.de\/index.php?rest_route=\/wp\/v2\/pages\/1708\/revisions"}],"predecessor-version":[{"id":12358,"href":"https:\/\/ms.cws-hof.de\/index.php?rest_route=\/wp\/v2\/pages\/1708\/revisions\/12358"}],"wp:attachment":[{"href":"https:\/\/ms.cws-hof.de\/index.php?rest_route=%2Fwp%2Fv2%2Fmedia&parent=1708"}],"curies":[{"name":"wp","href":"https:\/\/api.w.org\/{rel}","templated":true}]}}