{"id":11429,"date":"2022-10-24T23:00:34","date_gmt":"2022-10-24T21:00:34","guid":{"rendered":"https:\/\/ms.cws-hof.de\/?page_id=11429"},"modified":"2022-10-24T23:00:35","modified_gmt":"2022-10-24T21:00:35","slug":"wanted-reinigungskraefte-fuer-schulen-in-hof","status":"publish","type":"page","link":"https:\/\/ms.cws-hof.de\/?page_id=11429","title":{"rendered":"WANTED! Reinigungskr\u00e4fte f\u00fcr Schulen in Hof"},"content":{"rendered":"\n<p>F\u00fcr unsere Christian-Wolfrum-Schulen, aber auch f\u00fcr etliche andere Schulen in Hof werden <strong>Reinigungskr\u00e4fte <\/strong>gesucht.<\/p>\n\n\n\n<p>Folgendes Angebot finden Sie auf dieser Internetseite:<br><a href=\"https:\/\/www.mein-check-in.de\/hof\/position-64638\" target=\"_blank\" rel=\"noreferrer noopener\">https:\/\/www.mein-check-in.de\/hof\/position-64638<\/a><\/p>\n\n\n<div class=\"wp-block-image\">\n<figure class=\"aligncenter size-full\"><a href=\"https:\/\/ms.cws-hof.de\/wp-content\/uploads\/image-38.png\"><img loading=\"lazy\" decoding=\"async\" width=\"205\" height=\"256\" src=\"https:\/\/ms.cws-hof.de\/wp-content\/uploads\/image-38.png\" alt=\"\" class=\"wp-image-11430\"\/><\/a><\/figure>\n<\/div>\n\n\n<p class=\"has-text-align-center\"><strong>Haben Sie Interesse, dann bewerben Sie sich und flitzen dann vielleicht bald durch unsere G\u00e4nge und Zimmer!<\/strong><\/p>\n","protected":false},"excerpt":{"rendered":"<p>F\u00fcr unsere Christian-Wolfrum-Schulen, aber auch f\u00fcr etliche andere Schulen in Hof werden Reinigungskr\u00e4fte gesucht. Folgendes Angebot finden Sie auf dieser Internetseite:https:\/\/www.mein-check-in.de\/hof\/position-64638 Haben Sie Interesse, dann bewerben Sie sich und flitzen dann vielleicht bald durch unsere G\u00e4nge und Zimmer!<\/p>\n","protected":false},"author":51,"featured_media":0,"parent":0,"menu_order":0,"comment_status":"closed","ping_status":"closed","template":"","meta":{"footnotes":""},"class_list":["post-11429","page","type-page","status-publish","hentry"],"_links":{"self":[{"href":"https:\/\/ms.cws-hof.de\/index.php?rest_route=\/wp\/v2\/pages\/11429","targetHints":{"allow":["GET"]}}],"collection":[{"href":"https:\/\/ms.cws-hof.de\/index.php?rest_route=\/wp\/v2\/pages"}],"about":[{"href":"https:\/\/ms.cws-hof.de\/index.php?rest_route=\/wp\/v2\/types\/page"}],"author":[{"embeddable":true,"href":"https:\/\/ms.cws-hof.de\/index.php?rest_route=\/wp\/v2\/users\/51"}],"replies":[{"embeddable":true,"href":"https:\/\/ms.cws-hof.de\/index.php?rest_route=%2Fwp%2Fv2%2Fcomments&post=11429"}],"version-history":[{"count":1,"href":"https:\/\/ms.cws-hof.de\/index.php?rest_route=\/wp\/v2\/pages\/11429\/revisions"}],"predecessor-version":[{"id":11431,"href":"https:\/\/ms.cws-hof.de\/index.php?rest_route=\/wp\/v2\/pages\/11429\/revisions\/11431"}],"wp:attachment":[{"href":"https:\/\/ms.cws-hof.de\/index.php?rest_route=%2Fwp%2Fv2%2Fmedia&parent=11429"}],"curies":[{"name":"wp","href":"https:\/\/api.w.org\/{rel}","templated":true}]}}