{"id":10250,"date":"2021-04-19T00:47:50","date_gmt":"2021-04-18T22:47:50","guid":{"rendered":"https:\/\/ms.cws-hof.de\/?page_id=10250"},"modified":"2026-02-10T21:34:41","modified_gmt":"2026-02-10T20:34:41","slug":"download-skripte-fuer-mittelschul-abschluss-fuer-externe-2021","status":"publish","type":"page","link":"https:\/\/ms.cws-hof.de\/?page_id=10250","title":{"rendered":"DOWNLOAD Skripte f\u00fcr Mittelschulabschlu\u00df f\u00fcr Externe 2026"},"content":{"rendered":"","protected":true},"excerpt":{"rendered":"","protected":true},"author":51,"featured_media":0,"parent":0,"menu_order":0,"comment_status":"closed","ping_status":"closed","template":"","meta":{"footnotes":""},"class_list":["post-10250","page","type-page","status-publish","post-password-required","hentry"],"_links":{"self":[{"href":"https:\/\/ms.cws-hof.de\/index.php?rest_route=\/wp\/v2\/pages\/10250","targetHints":{"allow":["GET"]}}],"collection":[{"href":"https:\/\/ms.cws-hof.de\/index.php?rest_route=\/wp\/v2\/pages"}],"about":[{"href":"https:\/\/ms.cws-hof.de\/index.php?rest_route=\/wp\/v2\/types\/page"}],"author":[{"embeddable":true,"href":"https:\/\/ms.cws-hof.de\/index.php?rest_route=\/wp\/v2\/users\/51"}],"replies":[{"embeddable":true,"href":"https:\/\/ms.cws-hof.de\/index.php?rest_route=%2Fwp%2Fv2%2Fcomments&post=10250"}],"version-history":[{"count":14,"href":"https:\/\/ms.cws-hof.de\/index.php?rest_route=\/wp\/v2\/pages\/10250\/revisions"}],"predecessor-version":[{"id":12471,"href":"https:\/\/ms.cws-hof.de\/index.php?rest_route=\/wp\/v2\/pages\/10250\/revisions\/12471"}],"wp:attachment":[{"href":"https:\/\/ms.cws-hof.de\/index.php?rest_route=%2Fwp%2Fv2%2Fmedia&parent=10250"}],"curies":[{"name":"wp","href":"https:\/\/api.w.org\/{rel}","templated":true}]}}